{"id":42526,"date":"2026-03-24T18:04:43","date_gmt":"2026-03-24T17:04:43","guid":{"rendered":"https:\/\/earthvit.es\/?page_id=42526"},"modified":"2026-03-24T18:06:24","modified_gmt":"2026-03-24T17:06:24","slug":"solgar-suplementos-de-alta-calidad-y-como-elegir-el-mejor-producto","status":"publish","type":"page","link":"https:\/\/earthvit.es\/en\/solgar-suplementos-de-alta-calidad-y-como-elegir-el-mejor-producto\/","title":{"rendered":"Solgar: suplementos de alta calidad y c\u00f3mo elegir el mejor producto"},"content":{"rendered":"<div data-elementor-type=\"wp-page\" data-elementor-id=\"42526\" class=\"elementor elementor-42526\" data-elementor-post-type=\"page\">\n\t\t\t\t<div class=\"elementor-element elementor-element-508731a e-flex e-con-boxed e-con e-parent\" data-id=\"508731a\" data-element_type=\"container\" data-e-type=\"container\">\n\t\t\t\t\t<div class=\"e-con-inner\">\n\t\t\t\t<div class=\"elementor-element elementor-element-b2618ce elementor-widget elementor-widget-text-editor\" data-id=\"b2618ce\" data-element_type=\"widget\" data-e-type=\"widget\" data-widget_type=\"text-editor.default\">\n\t\t\t\t\t\t\t\t\t<h1>Solgar: suplementos de alta calidad y c\u00f3mo elegir el mejor producto<\/h1>\n\n<p><strong>Solgar<\/strong> es una de las marcas m\u00e1s reconocidas a nivel internacional en el \u00e1mbito de los complementos alimenticios. Destaca por la calidad de sus productos, sus formulaciones cuidadas y su compromiso con altos est\u00e1ndares de fabricaci\u00f3n.<\/p>\n\n<h2>\u00bfQu\u00e9 es Solgar?<\/h2>\n<p>Solgar es una marca especializada en suplementos nutricionales que cuenta con d\u00e9cadas de experiencia en el desarrollo de productos de alta calidad. Sus f\u00f3rmulas est\u00e1n dise\u00f1adas para complementar la alimentaci\u00f3n y apoyar el bienestar general.<\/p>\n\n<h2>Por qu\u00e9 elegir Solgar<\/h2>\n<ul>\n<li>Alta calidad en materias primas<\/li>\n<li>Formulaciones avanzadas y cuidadas<\/li>\n<li>Amplia gama de productos<\/li>\n<li>Marca reconocida a nivel internacional<\/li>\n<\/ul>\n\n<h2>Productos Solgar m\u00e1s populares<\/h2>\n<p>Dentro del cat\u00e1logo de Solgar destacan productos como el magnesio, vitaminas del grupo B, vitamina D, col\u00e1geno y otros suplementos ampliamente utilizados.<\/p>\n\n<h2>C\u00f3mo elegir un suplemento Solgar<\/h2>\n<p>Para elegir el suplemento m\u00e1s adecuado, es importante tener en cuenta las necesidades individuales, el tipo de nutriente y la calidad del producto. Optar por marcas como Solgar garantiza un alto est\u00e1ndar de calidad.<\/p>\n\n<h2>Comprar productos Solgar online<\/h2>\n<p>En nuestra tienda puedes <strong>comprar productos Solgar online<\/strong> con env\u00edo r\u00e1pido en Espa\u00f1a. Descubre nuestra selecci\u00f3n y encuentra el suplemento que mejor se adapte a tus necesidades.<\/p>\n\n<p>\ud83d\udc49 <a href=\"\/en\/product-category\/solgar\/\">Ver productos Solgar<\/a><\/p>\t\t\t\t\t\t\t\t<\/div>\n\t\t\t\t\t<\/div>\n\t\t\t\t<\/div>\n\t\t\t\t<\/div>","protected":false},"excerpt":{"rendered":"<p>Solgar: suplementos de alta calidad y c\u00f3mo elegir el mejor producto Solgar es una de las marcas m\u00e1s reconocidas a nivel internacional en el \u00e1mbito de los complementos alimenticios. Destaca por la calidad de sus productos, sus formulaciones cuidadas y su compromiso con altos est\u00e1ndares de fabricaci\u00f3n. \u00bfQu\u00e9 es Solgar? Solgar es una marca especializada&hellip;<\/p>","protected":false},"author":1,"featured_media":0,"parent":0,"menu_order":0,"comment_status":"closed","ping_status":"closed","template":"","meta":{"_acf_changed":false,"footnotes":""},"class_list":["post-42526","page","type-page","status-publish","hentry"],"acf":[],"_links":{"self":[{"href":"https:\/\/earthvit.es\/en\/wp-json\/wp\/v2\/pages\/42526","targetHints":{"allow":["GET"]}}],"collection":[{"href":"https:\/\/earthvit.es\/en\/wp-json\/wp\/v2\/pages"}],"about":[{"href":"https:\/\/earthvit.es\/en\/wp-json\/wp\/v2\/types\/page"}],"author":[{"embeddable":true,"href":"https:\/\/earthvit.es\/en\/wp-json\/wp\/v2\/users\/1"}],"replies":[{"embeddable":true,"href":"https:\/\/earthvit.es\/en\/wp-json\/wp\/v2\/comments?post=42526"}],"version-history":[{"count":0,"href":"https:\/\/earthvit.es\/en\/wp-json\/wp\/v2\/pages\/42526\/revisions"}],"wp:attachment":[{"href":"https:\/\/earthvit.es\/en\/wp-json\/wp\/v2\/media?parent=42526"}],"curies":[{"name":"wp","href":"https:\/\/api.w.org\/{rel}","templated":true}]}}