{"id":42540,"date":"2026-03-24T18:20:54","date_gmt":"2026-03-24T17:20:54","guid":{"rendered":"https:\/\/earthvit.es\/?page_id=42540"},"modified":"2026-03-24T18:21:46","modified_gmt":"2026-03-24T17:21:46","slug":"control-de-peso-suplementos-para-complementar-tu-rutina","status":"publish","type":"page","link":"https:\/\/earthvit.es\/en\/control-de-peso-suplementos-para-complementar-tu-rutina\/","title":{"rendered":"Control de peso: suplementos para complementar tu rutina"},"content":{"rendered":"<div data-elementor-type=\"wp-page\" data-elementor-id=\"42540\" class=\"elementor elementor-42540\" data-elementor-post-type=\"page\">\n\t\t\t\t<div class=\"elementor-element elementor-element-194790b e-flex e-con-boxed e-con e-parent\" data-id=\"194790b\" data-element_type=\"container\" data-e-type=\"container\">\n\t\t\t\t\t<div class=\"e-con-inner\">\n\t\t\t\t<div class=\"elementor-element elementor-element-c0b4dff elementor-widget elementor-widget-text-editor\" data-id=\"c0b4dff\" data-element_type=\"widget\" data-e-type=\"widget\" data-widget_type=\"text-editor.default\">\n\t\t\t\t\t\t\t\t\t<h1>Control de peso: suplementos para complementar tu rutina<\/h1>\n\n<p>El <strong>control de peso<\/strong> es una de las principales preocupaciones para muchas personas. Mantener un estilo de vida equilibrado, una alimentaci\u00f3n adecuada y actividad f\u00edsica regular son factores clave.<\/p>\n\n<p>Los complementos alimenticios pueden ser una opci\u00f3n para <strong>complementar la dieta<\/strong> dentro de una rutina saludable.<\/p>\n\n<h2>Suplementos para el control de peso<\/h2>\n<p>Existen diferentes tipos de suplementos que pueden formar parte de una estrategia de control de peso, siempre dentro de una alimentaci\u00f3n equilibrada.<\/p>\n\n<ul>\n<li>Fibra<\/li>\n<li>Prote\u00ednas<\/li>\n<li>Extractos vegetales<\/li>\n<li>Vitaminas y minerales<\/li>\n<\/ul>\n\n<h2>Importancia de una rutina equilibrada<\/h2>\n<p>El control de peso no depende de un \u00fanico factor. Una combinaci\u00f3n de h\u00e1bitos saludables es fundamental para lograr resultados sostenibles a largo plazo.<\/p>\n\n<h2>Calidad y confianza en suplementos<\/h2>\n<p>Elegir productos de marcas reconocidas es importante para garantizar calidad y seguridad. <strong>Solgar<\/strong> es una referencia en el sector de los complementos alimenticios por sus altos est\u00e1ndares de fabricaci\u00f3n.<\/p>\n\n<p>En nuestra tienda puedes encontrar suplementos de alta calidad para complementar tu rutina diaria.<\/p>\n\n<h2>Comprar suplementos para el control de peso<\/h2>\n<p>Descubre nuestra selecci\u00f3n de <strong>suplementos para el control de peso<\/strong> y elige el producto que mejor se adapte a tus necesidades.<\/p>\n\n<p>\ud83d\udc49 <a href=\"\/en\/product-category\/control-de-peso\/\">Ver productos de control de peso<\/a><\/p>\t\t\t\t\t\t\t\t<\/div>\n\t\t\t\t\t<\/div>\n\t\t\t\t<\/div>\n\t\t\t\t<\/div>","protected":false},"excerpt":{"rendered":"<p>Control de peso: suplementos para complementar tu rutina El control de peso es una de las principales preocupaciones para muchas personas. Mantener un estilo de vida equilibrado, una alimentaci\u00f3n adecuada y actividad f\u00edsica regular son factores clave. Los complementos alimenticios pueden ser una opci\u00f3n para complementar la dieta dentro de una rutina saludable. Suplementos para&hellip;<\/p>","protected":false},"author":1,"featured_media":0,"parent":0,"menu_order":0,"comment_status":"closed","ping_status":"closed","template":"","meta":{"_acf_changed":false,"footnotes":""},"class_list":["post-42540","page","type-page","status-publish","hentry"],"acf":[],"_links":{"self":[{"href":"https:\/\/earthvit.es\/en\/wp-json\/wp\/v2\/pages\/42540","targetHints":{"allow":["GET"]}}],"collection":[{"href":"https:\/\/earthvit.es\/en\/wp-json\/wp\/v2\/pages"}],"about":[{"href":"https:\/\/earthvit.es\/en\/wp-json\/wp\/v2\/types\/page"}],"author":[{"embeddable":true,"href":"https:\/\/earthvit.es\/en\/wp-json\/wp\/v2\/users\/1"}],"replies":[{"embeddable":true,"href":"https:\/\/earthvit.es\/en\/wp-json\/wp\/v2\/comments?post=42540"}],"version-history":[{"count":0,"href":"https:\/\/earthvit.es\/en\/wp-json\/wp\/v2\/pages\/42540\/revisions"}],"wp:attachment":[{"href":"https:\/\/earthvit.es\/en\/wp-json\/wp\/v2\/media?parent=42540"}],"curies":[{"name":"wp","href":"https:\/\/api.w.org\/{rel}","templated":true}]}}